{"id":102,"date":"2024-05-11T03:31:01","date_gmt":"2024-05-11T02:31:01","guid":{"rendered":"https:\/\/vietnameselivingfaith.com\/?page_id=102"},"modified":"2026-04-24T13:28:32","modified_gmt":"2026-04-24T15:28:32","slug":"home-23-2","status":"publish","type":"page","link":"https:\/\/vietnameselivingfaith.com\/","title":{"rendered":"Home"},"content":{"rendered":"\t\t<div data-elementor-type=\"wp-page\" data-elementor-id=\"102\" class=\"elementor elementor-102\">\n\t\t\t\t<div class=\"elementor-element elementor-element-8dc0119 e-grid e-con-boxed e-con e-parent\" data-id=\"8dc0119\" data-element_type=\"container\" data-e-type=\"container\">\n\t\t\t\t\t<div class=\"e-con-inner\">\n\t\t\t\t<div class=\"elementor-element elementor-element-bc56fb3 elementor-widget elementor-widget-text-editor\" data-id=\"bc56fb3\" data-element_type=\"widget\" data-e-type=\"widget\" data-widget_type=\"text-editor.default\">\n\t\t\t\t<div class=\"elementor-widget-container\">\n\t\t\t\t\t\t\t\t\t<p>\u00a0Welcome to <strong>Vietnamese Living Faith church.<\/strong> We are a new church plant in East Milton. Our beliefs are based on the Bible and centered on Jesus Christ. Our mission is very simple: to reach the Milton Community in a way that all will glorify Jesus Christ. We have bilingual services English\/Vietnamese.<\/p>\t\t\t\t\t\t\t\t<\/div>\n\t\t\t\t<\/div>\n\t\t\t\t<div class=\"elementor-element elementor-element-f31b430 elementor-widget elementor-widget-text-editor\" data-id=\"f31b430\" data-element_type=\"widget\" data-e-type=\"widget\" data-widget_type=\"text-editor.default\">\n\t\t\t\t<div class=\"elementor-widget-container\">\n\t\t\t\t\t\t\t\t\t<p>\u00a0Ch\u00e0o m\u1eebng \u0111\u1ebfn <strong>Vietnamese Living Faith Church<\/strong>. Ch\u00fang t\u00f4i l\u00e0 m\u1ed9t h\u1ed9i th\u00e1nh m\u1edbi th\u00e0nh l\u1eadp t\u1ea1i East Milton. Ni\u1ec1m tin c\u1ee7a ch\u00fang t\u00f4i d\u1ef1a tr\u00ean Kinh Th\u00e1nh v\u00e0 t\u1eadp trung v\u00e0o Ch\u00faa Gi\u00ea-su Ki-t\u00f4. S\u1ee9 m\u1ec7nh c\u1ee7a ch\u00fang t\u00f4i r\u1ea5t \u0111\u01a1n gi\u1ea3n: ti\u1ebfp c\u1eadn c\u1ed9ng \u0111\u1ed3ng Milton theo c\u00e1ch m\u00e0 t\u1ea5t c\u1ea3 m\u1ecdi ng\u01b0\u1eddi \u0111\u1ec1u t\u00f4n vinh Ch\u00faa Gi\u00ea-su Ki-t\u00f4. Ch\u00fang t\u00f4i c\u00f3 c\u00e1c bu\u1ed5i l\u1ec5 song ng\u1eef Anh\/Vi\u1ec7t.<\/p>\t\t\t\t\t\t\t\t<\/div>\n\t\t\t\t<\/div>\n\t\t\t\t\t<\/div>\n\t\t\t\t<\/div>\n\t\t<div class=\"elementor-element elementor-element-f84085d e-flex e-con-boxed e-con e-parent\" data-id=\"f84085d\" data-element_type=\"container\" data-e-type=\"container\">\n\t\t\t\t\t<div class=\"e-con-inner\">\n\t\t\t\t<div class=\"elementor-element elementor-element-3b70a15 elementor-widget elementor-widget-image\" data-id=\"3b70a15\" data-element_type=\"widget\" data-e-type=\"widget\" data-widget_type=\"image.default\">\n\t\t\t\t<div class=\"elementor-widget-container\">\n\t\t\t\t\t\t\t\t\t\t\t\t\t\t\t<img fetchpriority=\"high\" decoding=\"async\" width=\"1536\" height=\"482\" src=\"https:\/\/vietnameselivingfaith.com\/wp-content\/uploads\/2024\/05\/IMG_200b2b-1.jpeg\" class=\"attachment-2048x2048 size-2048x2048 wp-image-384 faith-first-image skip-lazy\" alt=\"\" srcset=\"https:\/\/vietnameselivingfaith.com\/wp-content\/uploads\/2024\/05\/IMG_200b2b-1.jpeg 1536w, https:\/\/vietnameselivingfaith.com\/wp-content\/uploads\/2024\/05\/IMG_200b2b-1-300x94.jpeg 300w, https:\/\/vietnameselivingfaith.com\/wp-content\/uploads\/2024\/05\/IMG_200b2b-1-1024x321.jpeg 1024w, https:\/\/vietnameselivingfaith.com\/wp-content\/uploads\/2024\/05\/IMG_200b2b-1-768x241.jpeg 768w, https:\/\/vietnameselivingfaith.com\/wp-content\/uploads\/2024\/05\/IMG_200b2b-1-75x24.jpeg 75w, https:\/\/vietnameselivingfaith.com\/wp-content\/uploads\/2024\/05\/IMG_200b2b-1-150x47.jpeg 150w\" sizes=\"(max-width: 1536px) 100vw, 1536px\" loading=\"eager\" \/>\t\t\t\t\t\t\t\t\t\t\t\t\t\t\t<\/div>\n\t\t\t\t<\/div>\n\t\t\t\t\t<\/div>\n\t\t\t\t<\/div>\n\t\t\t\t<\/div>\n\t\t","protected":false},"excerpt":{"rendered":"<p>\u00a0Welcome to Vietnamese Living Faith church. We are a new church plant in East Milton. Our beliefs are based on the Bible and centered on Jesus Christ. Our mission is [&hellip;]<\/p>\n","protected":false},"author":1,"featured_media":0,"parent":0,"menu_order":0,"comment_status":"closed","ping_status":"closed","template":"page-templates\/fullwidth.php","meta":{"_monsterinsights_skip_tracking":false,"_monsterinsights_sitenote_active":false,"_monsterinsights_sitenote_note":"","_monsterinsights_sitenote_category":0,"footnotes":""},"class_list":["post-102","page","type-page","status-publish","hentry"],"aioseo_notices":[],"_links":{"self":[{"href":"https:\/\/vietnameselivingfaith.com\/index.php\/wp-json\/wp\/v2\/pages\/102","targetHints":{"allow":["GET"]}}],"collection":[{"href":"https:\/\/vietnameselivingfaith.com\/index.php\/wp-json\/wp\/v2\/pages"}],"about":[{"href":"https:\/\/vietnameselivingfaith.com\/index.php\/wp-json\/wp\/v2\/types\/page"}],"author":[{"embeddable":true,"href":"https:\/\/vietnameselivingfaith.com\/index.php\/wp-json\/wp\/v2\/users\/1"}],"replies":[{"embeddable":true,"href":"https:\/\/vietnameselivingfaith.com\/index.php\/wp-json\/wp\/v2\/comments?post=102"}],"version-history":[{"count":94,"href":"https:\/\/vietnameselivingfaith.com\/index.php\/wp-json\/wp\/v2\/pages\/102\/revisions"}],"predecessor-version":[{"id":1550,"href":"https:\/\/vietnameselivingfaith.com\/index.php\/wp-json\/wp\/v2\/pages\/102\/revisions\/1550"}],"wp:attachment":[{"href":"https:\/\/vietnameselivingfaith.com\/index.php\/wp-json\/wp\/v2\/media?parent=102"}],"curies":[{"name":"wp","href":"https:\/\/api.w.org\/{rel}","templated":true}]}}