{"id":755,"date":"2026-02-26T21:45:52","date_gmt":"2026-02-26T23:45:52","guid":{"rendered":"https:\/\/vietnameselivingfaith.com\/?page_id=755"},"modified":"2026-02-26T22:58:54","modified_gmt":"2026-02-27T00:58:54","slug":"vietnamese-living-faith","status":"publish","type":"page","link":"https:\/\/vietnameselivingfaith.com\/index.php\/vietnamese-living-faith\/","title":{"rendered":"Vietnamese Living Faith"},"content":{"rendered":"\t\t<div data-elementor-type=\"wp-page\" data-elementor-id=\"755\" class=\"elementor elementor-755\">\n\t\t\t\t<div class=\"elementor-element elementor-element-e5c9e56 e-grid e-con-full e-con e-parent\" data-id=\"e5c9e56\" data-element_type=\"container\" data-e-type=\"container\">\n\t\t\t\t<div class=\"elementor-element elementor-element-83ffc15 elementor-widget elementor-widget-heading\" data-id=\"83ffc15\" data-element_type=\"widget\" data-e-type=\"widget\" data-widget_type=\"heading.default\">\n\t\t\t\t<div class=\"elementor-widget-container\">\n\t\t\t\t\t<h2 class=\"elementor-heading-title elementor-size-default\"><span style=\"font-size: 26px\">Ch\u00e0o m\u1eebng \u0111\u1ebfn v\u1edbi Nh\u00e0 th\u1edd \u0110\u1ee9c tin s\u1ed1ng \u0111\u1ed9ng Vi\u1ec7t Nam<\/span><br><br><span style=\"font-size: 26px\">Welcome to Vietnamese Living Faith Church<\/span><\/h2>\t\t\t\t<\/div>\n\t\t\t\t<\/div>\n\t\t\t\t<div class=\"elementor-element elementor-element-63cf0d4 elementor-widget elementor-widget-text-editor\" data-id=\"63cf0d4\" data-element_type=\"widget\" data-e-type=\"widget\" data-widget_type=\"text-editor.default\">\n\t\t\t\t<div class=\"elementor-widget-container\">\n\t\t\t\t\t\t\t\t\t<p>Ch\u00e0o m\u1eebng \u0111\u1ebfn v\u1edbi <strong>Vietnamese Living Faith Church.<\/strong> Ch\u00fang t\u00f4i l\u00e0 m\u1ed9t h\u1ed9i th\u00e1nh m\u1edbi th\u00e0nh l\u1eadp t\u1ea1i East Milton. Ni\u1ec1m tin c\u1ee7a ch\u00fang t\u00f4i d\u1ef1a tr\u00ean Kinh Th\u00e1nh v\u00e0 t\u1eadp trung v\u00e0o Ch\u00faa Gi\u00ea-su Ki-t\u00f4. S\u1ee9 m\u1ec7nh c\u1ee7a ch\u00fang t\u00f4i r\u1ea5t \u0111\u01a1n gi\u1ea3n: ti\u1ebfp c\u1eadn c\u1ed9ng \u0111\u1ed3ng Milton theo c\u00e1ch m\u00e0 t\u1ea5t c\u1ea3 m\u1ecdi ng\u01b0\u1eddi \u0111\u1ec1u t\u00f4n vinh Ch\u00faa Gi\u00ea-su Ki-t\u00f4. Ch\u00fang t\u00f4i c\u00f3 c\u00e1c bu\u1ed5i l\u1ec5 song ng\u1eef Anh\/Vi\u1ec7t.<\/p>\t\t\t\t\t\t\t\t<\/div>\n\t\t\t\t<\/div>\n\t\t\t\t<div class=\"elementor-element elementor-element-8702798 elementor-widget elementor-widget-image\" data-id=\"8702798\" data-element_type=\"widget\" data-e-type=\"widget\" data-widget_type=\"image.default\">\n\t\t\t\t<div class=\"elementor-widget-container\">\n\t\t\t\t\t\t\t\t\t\t\t\t\t\t\t<img fetchpriority=\"high\" decoding=\"async\" width=\"640\" height=\"404\" src=\"https:\/\/vietnameselivingfaith.com\/wp-content\/uploads\/2024\/05\/92de8cee-8617-4e32-bd4e-844ac75e50ee.png\" class=\"attachment-large size-large wp-image-737\" alt=\"\" srcset=\"https:\/\/vietnameselivingfaith.com\/wp-content\/uploads\/2024\/05\/92de8cee-8617-4e32-bd4e-844ac75e50ee.png 640w, https:\/\/vietnameselivingfaith.com\/wp-content\/uploads\/2024\/05\/92de8cee-8617-4e32-bd4e-844ac75e50ee-300x189.png 300w, https:\/\/vietnameselivingfaith.com\/wp-content\/uploads\/2024\/05\/92de8cee-8617-4e32-bd4e-844ac75e50ee-200x125.png 200w\" sizes=\"(max-width: 640px) 100vw, 640px\" \/>\t\t\t\t\t\t\t\t\t\t\t\t\t\t\t<\/div>\n\t\t\t\t<\/div>\n\t\t\t\t<div class=\"elementor-element elementor-element-c75d449 elementor-widget elementor-widget-text-editor\" data-id=\"c75d449\" data-element_type=\"widget\" data-e-type=\"widget\" data-widget_type=\"text-editor.default\">\n\t\t\t\t<div class=\"elementor-widget-container\">\n\t\t\t\t\t\t\t\t\t<p>Welcome to <strong>Vietnamese Living Faith church.<\/strong> We are a new church plant in East Milton. Our beliefs are based on the Bible and centered on Jesus Christ. Our mission is very simple: to reach the Milton Community in a way that all will glorify Jesus Christ. We have bilingual services English\/Vietnamese.<\/p>\t\t\t\t\t\t\t\t<\/div>\n\t\t\t\t<\/div>\n\t\t\t\t<\/div>\n\t\t\t\t<\/div>\n\t\t","protected":false},"excerpt":{"rendered":"<p>Ch\u00e0o m\u1eebng \u0111\u1ebfn v\u1edbi Nh\u00e0 th\u1edd \u0110\u1ee9c tin s\u1ed1ng \u0111\u1ed9ng Vi\u1ec7t Nam Welcome to Vietnamese Living Faith Church Ch\u00e0o m\u1eebng \u0111\u1ebfn v\u1edbi Vietnamese Living Faith Church. Ch\u00fang t\u00f4i l\u00e0 m\u1ed9t [&hellip;]<\/p>\n","protected":false},"author":1,"featured_media":0,"parent":0,"menu_order":0,"comment_status":"closed","ping_status":"closed","template":"","meta":{"_monsterinsights_skip_tracking":false,"_monsterinsights_sitenote_active":false,"_monsterinsights_sitenote_note":"","_monsterinsights_sitenote_category":0,"footnotes":""},"class_list":["post-755","page","type-page","status-publish","hentry"],"aioseo_notices":[],"_links":{"self":[{"href":"https:\/\/vietnameselivingfaith.com\/index.php\/wp-json\/wp\/v2\/pages\/755","targetHints":{"allow":["GET"]}}],"collection":[{"href":"https:\/\/vietnameselivingfaith.com\/index.php\/wp-json\/wp\/v2\/pages"}],"about":[{"href":"https:\/\/vietnameselivingfaith.com\/index.php\/wp-json\/wp\/v2\/types\/page"}],"author":[{"embeddable":true,"href":"https:\/\/vietnameselivingfaith.com\/index.php\/wp-json\/wp\/v2\/users\/1"}],"replies":[{"embeddable":true,"href":"https:\/\/vietnameselivingfaith.com\/index.php\/wp-json\/wp\/v2\/comments?post=755"}],"version-history":[{"count":10,"href":"https:\/\/vietnameselivingfaith.com\/index.php\/wp-json\/wp\/v2\/pages\/755\/revisions"}],"predecessor-version":[{"id":767,"href":"https:\/\/vietnameselivingfaith.com\/index.php\/wp-json\/wp\/v2\/pages\/755\/revisions\/767"}],"wp:attachment":[{"href":"https:\/\/vietnameselivingfaith.com\/index.php\/wp-json\/wp\/v2\/media?parent=755"}],"curies":[{"name":"wp","href":"https:\/\/api.w.org\/{rel}","templated":true}]}}